{"id":13,"date":"2023-09-05T15:11:11","date_gmt":"2023-09-05T15:11:11","guid":{"rendered":"https:\/\/www.kozioljaworzno.pl\/?page_id=13"},"modified":"2026-02-16T19:28:27","modified_gmt":"2026-02-16T19:28:27","slug":"szkody-lowieckie","status":"publish","type":"page","link":"https:\/\/www.kozioljaworzno.pl\/?page_id=13","title":{"rendered":"Szkody \u0142owieckie"},"content":{"rendered":"\t\t<div data-elementor-type=\"wp-page\" data-elementor-id=\"13\" class=\"elementor elementor-13\">\n\t\t\t\t\t\t<section class=\"elementor-section elementor-top-section elementor-element elementor-element-73fccc84 elementor-section-boxed elementor-section-height-default elementor-section-height-default\" data-id=\"73fccc84\" data-element_type=\"section\" data-e-type=\"section\">\n\t\t\t\t\t\t<div class=\"elementor-container elementor-column-gap-default\">\n\t\t\t\t\t<div class=\"elementor-column elementor-col-100 elementor-top-column elementor-element elementor-element-5aa78da6\" data-id=\"5aa78da6\" data-element_type=\"column\" data-e-type=\"column\">\n\t\t\t<div class=\"elementor-widget-wrap elementor-element-populated\">\n\t\t\t\t\t\t<div class=\"elementor-element elementor-element-4b0a6544 elementor-widget elementor-widget-text-editor\" data-id=\"4b0a6544\" data-element_type=\"widget\" data-e-type=\"widget\" data-widget_type=\"text-editor.default\">\n\t\t\t\t<div class=\"elementor-widget-container\">\n\t\t\t\t\t\t\t\t\t<p><style>\/*! elementor - v3.15.0 - 20-08-2023 *\/<br \/>.elementor-column .elementor-spacer-inner{height:var(--spacer-size)}.e-con{--container-widget-width:100%}.e-con-inner>.elementor-widget-spacer,.e-con>.elementor-widget-spacer{width:var(--container-widget-width,var(--spacer-size));--align-self:var(--container-widget-align-self,initial);--flex-shrink:0}.e-con-inner>.elementor-widget-spacer>.elementor-widget-container,.e-con-inner>.elementor-widget-spacer>.elementor-widget-container>.elementor-spacer,.e-con>.elementor-widget-spacer>.elementor-widget-container,.e-con>.elementor-widget-spacer>.elementor-widget-container>.elementor-spacer{height:100%}.e-con-inner>.elementor-widget-spacer>.elementor-widget-container>.elementor-spacer>.elementor-spacer-inner,.e-con>.elementor-widget-spacer>.elementor-widget-container>.elementor-spacer>.elementor-spacer-inner{height:var(--container-widget-height,var(--spacer-size))}<\/style><\/p><h3>\u00a0<\/h3><p><strong>\u00a0<\/strong><\/p><div class=\"wp-block-file\">\u00a0<\/div><p><!-- \/wp:file --><\/p>\t\t\t\t\t\t\t\t<\/div>\n\t\t\t\t<\/div>\n\t\t\t\t\t<\/div>\n\t\t<\/div>\n\t\t\t\t\t<\/div>\n\t\t<\/section>\n\t\t\t\t<section class=\"elementor-section elementor-top-section elementor-element elementor-element-8549509 elementor-section-boxed elementor-section-height-default elementor-section-height-default\" data-id=\"8549509\" data-element_type=\"section\" data-e-type=\"section\">\n\t\t\t\t\t\t<div class=\"elementor-container elementor-column-gap-default\">\n\t\t\t\t\t<div class=\"elementor-column elementor-col-100 elementor-top-column elementor-element elementor-element-e69145d\" data-id=\"e69145d\" data-element_type=\"column\" data-e-type=\"column\">\n\t\t\t<div class=\"elementor-widget-wrap elementor-element-populated\">\n\t\t\t\t\t\t<div class=\"elementor-element elementor-element-992c0fa elementor-widget elementor-widget-image\" data-id=\"992c0fa\" data-element_type=\"widget\" data-e-type=\"widget\" data-widget_type=\"image.default\">\n\t\t\t\t<div class=\"elementor-widget-container\">\n\t\t\t\t\t\t\t\t\t\t\t\t\t\t\t<img fetchpriority=\"high\" decoding=\"async\" width=\"1024\" height=\"576\" src=\"https:\/\/www.kozioljaworzno.pl\/wp-content\/uploads\/2023\/09\/szkody-1024x576.jpg\" class=\"attachment-large size-large wp-image-640\" alt=\"\" srcset=\"https:\/\/www.kozioljaworzno.pl\/wp-content\/uploads\/2023\/09\/szkody-1024x576.jpg 1024w, https:\/\/www.kozioljaworzno.pl\/wp-content\/uploads\/2023\/09\/szkody-300x169.jpg 300w, https:\/\/www.kozioljaworzno.pl\/wp-content\/uploads\/2023\/09\/szkody-768x432.jpg 768w, https:\/\/www.kozioljaworzno.pl\/wp-content\/uploads\/2023\/09\/szkody-1536x864.jpg 1536w, https:\/\/www.kozioljaworzno.pl\/wp-content\/uploads\/2023\/09\/szkody.jpg 1920w\" sizes=\"(max-width: 1024px) 100vw, 1024px\" \/>\t\t\t\t\t\t\t\t\t\t\t\t\t\t\t<\/div>\n\t\t\t\t<\/div>\n\t\t\t\t\t<\/div>\n\t\t<\/div>\n\t\t\t\t\t<\/div>\n\t\t<\/section>\n\t\t\t\t<section class=\"elementor-section elementor-top-section elementor-element elementor-element-b9b61d9 elementor-section-boxed elementor-section-height-default elementor-section-height-default\" data-id=\"b9b61d9\" data-element_type=\"section\" data-e-type=\"section\">\n\t\t\t\t\t\t<div class=\"elementor-container elementor-column-gap-default\">\n\t\t\t\t\t<div class=\"elementor-column elementor-col-100 elementor-top-column elementor-element elementor-element-423a6f5\" data-id=\"423a6f5\" data-element_type=\"column\" data-e-type=\"column\">\n\t\t\t<div class=\"elementor-widget-wrap elementor-element-populated\">\n\t\t\t\t\t\t<div class=\"elementor-element elementor-element-3d72db8 elementor-widget elementor-widget-text-editor\" data-id=\"3d72db8\" data-element_type=\"widget\" data-e-type=\"widget\" data-widget_type=\"text-editor.default\">\n\t\t\t\t<div class=\"elementor-widget-container\">\n\t\t\t\t\t\t\t\t\t<p><style>\/*! elementor - v3.15.0 - 20-08-2023 *\/<br \/>.elementor-column .elementor-spacer-inner{height:var(--spacer-size)}.e-con{--container-widget-width:100%}.e-con-inner>.elementor-widget-spacer,.e-con>.elementor-widget-spacer{width:var(--container-widget-width,var(--spacer-size));--align-self:var(--container-widget-align-self,initial);--flex-shrink:0}.e-con-inner>.elementor-widget-spacer>.elementor-widget-container,.e-con-inner>.elementor-widget-spacer>.elementor-widget-container>.elementor-spacer,.e-con>.elementor-widget-spacer>.elementor-widget-container,.e-con>.elementor-widget-spacer>.elementor-widget-container>.elementor-spacer{height:100%}.e-con-inner>.elementor-widget-spacer>.elementor-widget-container>.elementor-spacer>.elementor-spacer-inner,.e-con>.elementor-widget-spacer>.elementor-widget-container>.elementor-spacer>.elementor-spacer-inner{height:var(--container-widget-height,var(--spacer-size))}<\/style><\/p><h3>\u00a0<\/h3><p><strong>\u00a0<\/strong><\/p><div class=\"wp-block-file\">\u00a0<\/div><p><!-- \/wp:file --><\/p>\t\t\t\t\t\t\t\t<\/div>\n\t\t\t\t<\/div>\n\t\t\t\t\t<\/div>\n\t\t<\/div>\n\t\t\t\t\t<\/div>\n\t\t<\/section>\n\t\t\t\t<section class=\"elementor-section elementor-top-section elementor-element elementor-element-853ed59 elementor-section-boxed elementor-section-height-default elementor-section-height-default\" data-id=\"853ed59\" data-element_type=\"section\" data-e-type=\"section\">\n\t\t\t\t\t\t<div class=\"elementor-container elementor-column-gap-default\">\n\t\t\t\t\t<div class=\"elementor-column elementor-col-100 elementor-top-column elementor-element elementor-element-35ca001\" data-id=\"35ca001\" data-element_type=\"column\" data-e-type=\"column\">\n\t\t\t<div class=\"elementor-widget-wrap elementor-element-populated\">\n\t\t\t\t\t\t<div class=\"elementor-element elementor-element-3fdaa7e elementor-widget elementor-widget-text-editor\" data-id=\"3fdaa7e\" data-element_type=\"widget\" data-e-type=\"widget\" data-widget_type=\"text-editor.default\">\n\t\t\t\t<div class=\"elementor-widget-container\">\n\t\t\t\t\t\t\t\t\t<h3>Szkod\u0119 zg\u0142aszamy do ko\u0142a \u0142owieckiego poprzez pisemny wniosek.\u00a0<\/h3><h3>Mo\u017ce on mie\u0107 posta\u0107 pisemn\u0105 lub elektroniczn\u0105. Umo\u017cliwienie zg\u0142oszenia za po\u015brednictwem poczty elektronicznej u\u0142atwi i przyspieszy zg\u0142aszaj\u0105cemu kontakt z ko\u0142em \u0142owieckim.<\/h3>\t\t\t\t\t\t\t\t<\/div>\n\t\t\t\t<\/div>\n\t\t\t\t<div class=\"elementor-element elementor-element-bb2eba4 elementor-widget elementor-widget-spacer\" data-id=\"bb2eba4\" data-element_type=\"widget\" data-e-type=\"widget\" data-widget_type=\"spacer.default\">\n\t\t\t\t<div class=\"elementor-widget-container\">\n\t\t\t\t\t\t\t<div class=\"elementor-spacer\">\n\t\t\t<div class=\"elementor-spacer-inner\"><\/div>\n\t\t<\/div>\n\t\t\t\t\t\t<\/div>\n\t\t\t\t<\/div>\n\t\t\t\t\t<\/div>\n\t\t<\/div>\n\t\t\t\t\t<\/div>\n\t\t<\/section>\n\t\t\t\t<section class=\"elementor-section elementor-top-section elementor-element elementor-element-6519415 elementor-section-boxed elementor-section-height-default elementor-section-height-default\" data-id=\"6519415\" data-element_type=\"section\" data-e-type=\"section\">\n\t\t\t\t\t\t<div class=\"elementor-container elementor-column-gap-default\">\n\t\t\t\t\t<div class=\"elementor-column elementor-col-50 elementor-top-column elementor-element elementor-element-cefa25a\" data-id=\"cefa25a\" data-element_type=\"column\" data-e-type=\"column\">\n\t\t\t<div class=\"elementor-widget-wrap elementor-element-populated\">\n\t\t\t\t\t\t<div class=\"elementor-element elementor-element-a702b72 elementor-widget elementor-widget-text-editor\" data-id=\"a702b72\" data-element_type=\"widget\" data-e-type=\"widget\" data-widget_type=\"text-editor.default\">\n\t\t\t\t<div class=\"elementor-widget-container\">\n\t\t\t\t\t\t\t\t\t<h3><strong>Osoba kontaktowa:<\/strong><\/h3>\n<h3><strong>Wojciech Gontarczyk &#8211; pod\u0142owczy.<\/strong><\/h3>\n<p>zkl.koziol@gmail.com<\/p>\t\t\t\t\t\t\t\t<\/div>\n\t\t\t\t<\/div>\n\t\t\t\t\t<\/div>\n\t\t<\/div>\n\t\t\t\t<div class=\"elementor-column elementor-col-50 elementor-top-column elementor-element elementor-element-85cdcca\" data-id=\"85cdcca\" data-element_type=\"column\" data-e-type=\"column\">\n\t\t\t<div class=\"elementor-widget-wrap elementor-element-populated\">\n\t\t\t\t\t\t<div class=\"elementor-element elementor-element-63b56a6 elementor-widget elementor-widget-text-editor\" data-id=\"63b56a6\" data-element_type=\"widget\" data-e-type=\"widget\" data-widget_type=\"text-editor.default\">\n\t\t\t\t<div class=\"elementor-widget-container\">\n\t\t\t\t\t\t\t\t\t<h3>Pliki do pobrania:<\/h3>\n<ol>\n<li>\n<h4><a href=\"http:\/\/www.kozioljaworzno.pl\/wp-content\/uploads\/2023\/09\/001_protokolzogledzin.pdf\">Protok\u00f3\u0142 ogl\u0119dzin.<\/a><\/h4>\n<\/li>\n<li>\n<h4><a href=\"http:\/\/www.kozioljaworzno.pl\/wp-content\/uploads\/2023\/09\/002_protokolszacowaniaostatecznego.pdf\">Protok\u00f3\u0142 szacowania ostatecznego.<\/a><\/h4>\n<\/li>\n<li>\n<h4><a href=\"http:\/\/www.kozioljaworzno.pl\/wp-content\/uploads\/2023\/09\/003_umowaugody-naprawienieszkody.pdf\">Umowa ugody &#8211; naprawienie szkody.<\/a><\/h4>\n<\/li>\n<li>\n<h4><a href=\"http:\/\/www.kozioljaworzno.pl\/wp-content\/uploads\/2023\/09\/004_umowaugody-zap.pdf\">Umowa ugody &#8211; ostateczna.<\/a><\/h4>\n<\/li>\n<\/ol>\n<p><!-- wp:file {\"id\":635,\"href\":\"https:\/\/www.kozioljaworzno.pl\/wp-content\/uploads\/2023\/09\/001_protokolzogledzin.pdf\",\"displayPreview\":true} --><\/p>\t\t\t\t\t\t\t\t<\/div>\n\t\t\t\t<\/div>\n\t\t\t\t\t<\/div>\n\t\t<\/div>\n\t\t\t\t\t<\/div>\n\t\t<\/section>\n\t\t\t\t<section class=\"elementor-section elementor-top-section elementor-element elementor-element-77326a5 elementor-section-boxed elementor-section-height-default elementor-section-height-default\" data-id=\"77326a5\" data-element_type=\"section\" data-e-type=\"section\">\n\t\t\t\t\t\t<div class=\"elementor-container elementor-column-gap-default\">\n\t\t\t\t\t<div class=\"elementor-column elementor-col-100 elementor-top-column elementor-element elementor-element-54fbbfb\" data-id=\"54fbbfb\" data-element_type=\"column\" data-e-type=\"column\">\n\t\t\t<div class=\"elementor-widget-wrap elementor-element-populated\">\n\t\t\t\t\t\t<div class=\"elementor-element elementor-element-423f52c elementor-widget elementor-widget-text-editor\" data-id=\"423f52c\" data-element_type=\"widget\" data-e-type=\"widget\" data-widget_type=\"text-editor.default\">\n\t\t\t\t<div class=\"elementor-widget-container\">\n\t\t\t\t\t\t\t\t\t<p><style>\/*! elementor - v3.15.0 - 20-08-2023 *\/<br \/>.elementor-column .elementor-spacer-inner{height:var(--spacer-size)}.e-con{--container-widget-width:100%}.e-con-inner>.elementor-widget-spacer,.e-con>.elementor-widget-spacer{width:var(--container-widget-width,var(--spacer-size));--align-self:var(--container-widget-align-self,initial);--flex-shrink:0}.e-con-inner>.elementor-widget-spacer>.elementor-widget-container,.e-con-inner>.elementor-widget-spacer>.elementor-widget-container>.elementor-spacer,.e-con>.elementor-widget-spacer>.elementor-widget-container,.e-con>.elementor-widget-spacer>.elementor-widget-container>.elementor-spacer{height:100%}.e-con-inner>.elementor-widget-spacer>.elementor-widget-container>.elementor-spacer>.elementor-spacer-inner,.e-con>.elementor-widget-spacer>.elementor-widget-container>.elementor-spacer>.elementor-spacer-inner{height:var(--container-widget-height,var(--spacer-size))}<\/style><\/p><h3>\u00a0<\/h3><p><strong>\u00a0<\/strong><\/p><div class=\"wp-block-file\">\u00a0<\/div><p><!-- \/wp:file --><\/p>\t\t\t\t\t\t\t\t<\/div>\n\t\t\t\t<\/div>\n\t\t\t\t\t<\/div>\n\t\t<\/div>\n\t\t\t\t\t<\/div>\n\t\t<\/section>\n\t\t\t\t<\/div>\n\t\t","protected":false},"excerpt":{"rendered":"<p>\u00a0 \u00a0 \u00a0 \u00a0 \u00a0 \u00a0 Szkod\u0119 zg\u0142aszamy do ko\u0142a \u0142owieckiego poprzez pisemny wniosek.\u00a0 Mo\u017ce on mie\u0107 posta\u0107 pisemn\u0105 lub elektroniczn\u0105. Umo\u017cliwienie zg\u0142oszenia za po\u015brednictwem poczty elektronicznej u\u0142atwi i przyspieszy zg\u0142aszaj\u0105cemu kontakt z ko\u0142em \u0142owieckim. Osoba kontaktowa: Wojciech Gontarczyk &#8211; pod\u0142owczy. zkl.koziol@gmail.com Pliki do pobrania: Protok\u00f3\u0142 ogl\u0119dzin. Protok\u00f3\u0142 szacowania ostatecznego. Umowa ugody &#8211; naprawienie szkody.&hellip;&nbsp;<a href=\"https:\/\/www.kozioljaworzno.pl\/?page_id=13\" class=\"\" rel=\"bookmark\">Czytaj dalej &raquo;<span class=\"screen-reader-text\">Szkody \u0142owieckie<\/span><\/a><\/p>\n","protected":false},"author":1,"featured_media":0,"parent":0,"menu_order":0,"comment_status":"closed","ping_status":"closed","template":"","meta":{"_eb_attr":"","neve_meta_sidebar":"","neve_meta_container":"","neve_meta_enable_content_width":"","neve_meta_content_width":0,"neve_meta_title_alignment":"","neve_meta_author_avatar":"","neve_post_elements_order":"","neve_meta_disable_header":"","neve_meta_disable_footer":"","neve_meta_disable_title":"","_themeisle_gutenberg_block_has_review":false,"footnotes":""},"class_list":["post-13","page","type-page","status-publish","hentry"],"_links":{"self":[{"href":"https:\/\/www.kozioljaworzno.pl\/index.php?rest_route=\/wp\/v2\/pages\/13","targetHints":{"allow":["GET"]}}],"collection":[{"href":"https:\/\/www.kozioljaworzno.pl\/index.php?rest_route=\/wp\/v2\/pages"}],"about":[{"href":"https:\/\/www.kozioljaworzno.pl\/index.php?rest_route=\/wp\/v2\/types\/page"}],"author":[{"embeddable":true,"href":"https:\/\/www.kozioljaworzno.pl\/index.php?rest_route=\/wp\/v2\/users\/1"}],"replies":[{"embeddable":true,"href":"https:\/\/www.kozioljaworzno.pl\/index.php?rest_route=%2Fwp%2Fv2%2Fcomments&post=13"}],"version-history":[{"count":23,"href":"https:\/\/www.kozioljaworzno.pl\/index.php?rest_route=\/wp\/v2\/pages\/13\/revisions"}],"predecessor-version":[{"id":815,"href":"https:\/\/www.kozioljaworzno.pl\/index.php?rest_route=\/wp\/v2\/pages\/13\/revisions\/815"}],"wp:attachment":[{"href":"https:\/\/www.kozioljaworzno.pl\/index.php?rest_route=%2Fwp%2Fv2%2Fmedia&parent=13"}],"curies":[{"name":"wp","href":"https:\/\/api.w.org\/{rel}","templated":true}]}}